{"id":1663,"date":"2016-10-11T16:41:23","date_gmt":"2016-10-11T16:41:23","guid":{"rendered":"http:\/\/www.mezcalesdeleyenda.com\/fr\/special-editions\/"},"modified":"2017-07-11T15:51:24","modified_gmt":"2017-07-11T15:51:24","slug":"special-editions","status":"publish","type":"page","link":"https:\/\/www.mezcalesdeleyenda.com\/fr\/special-editions\/","title":{"rendered":"Editions sp\u00e9ciales"},"content":{"rendered":"<p>[vc_row][vc_column]<div class=\"homepage-text wow slideInUpFadeInMenu\">\n\t\t<div class=\"container\">\n\t\t\t<div class=\"text long-text\">\n\t\t\t\t<\/p>\n<h2 style=\"text-align: center;\">Editions sp\u00e9ciales<\/h2>\n<p>&nbsp;<\/p>\n<p style=\"text-align: center;\"><big>\u201c<\/big>Les \u00e9ditions sp\u00e9ciales de Mezcales de Leyenda (Mezcales de L\u00e9gende) sont constitu\u00e9es par des mezcales extraordinaires en \u00e9dition limit\u00e9e, qui font une diff\u00e9rence en soutenant des causes sociales<big>\u201d<\/big><\/p>\n<p>\n\n\t\t\t<\/div>\n\t\t<\/div>\n\t<\/div>[\/vc_column][vc_column]<div class=\"products-wrapper clearfix products-per-row-4\"><div class=\"product-item-wrapper wow slideInUpFadeInMenu\" data-wow-delay=\"0.2s\"><div class=\"product-item\"><a href=\"https:\/\/www.mezcalesdeleyenda.com\/fr\/product\/grandes-leyendas\/\"><\/a><img loading=\"lazy\" decoding=\"async\" width=\"600\" height=\"767\" src=\"https:\/\/www.mezcalesdeleyenda.com\/wp-content\/uploads\/2016\/01\/MDL_2-1-600x767.jpg\" class=\"img-responsive wp-post-image\" alt=\"\" srcset=\"https:\/\/www.mezcalesdeleyenda.com\/wp-content\/uploads\/2016\/01\/MDL_2-1-600x767.jpg 600w, https:\/\/www.mezcalesdeleyenda.com\/wp-content\/uploads\/2016\/01\/MDL_2-1-18x24.jpg 18w, https:\/\/www.mezcalesdeleyenda.com\/wp-content\/uploads\/2016\/01\/MDL_2-1-27x36.jpg 27w\" sizes=\"auto, (max-width: 600px) 100vw, 600px\" \/> <h2>Les Grandes L\u00e9gendes\u2019<\/h2><div class=\"product-overlay\"><div class=\"product-overlay-inner\"><span class=\"h2\">Les Grandes L\u00e9gendes\u2019<\/span><p>Mezcal Ancestral \u00e9labor\u00e9 par le Maestro Mescalero (Ma\u00eetre sp\u00e9cialiste du mezcal) Don Anastasio Juarez<\/p><\/div><\/div><\/div><\/div><div class=\"product-item-wrapper wow slideInUpFadeInMenu\" data-wow-delay=\"0.4s\"><div class=\"product-item\"><a href=\"https:\/\/www.mezcalesdeleyenda.com\/fr\/product\/mezcales-unicos\/\"><\/a><img loading=\"lazy\" decoding=\"async\" width=\"600\" height=\"767\" src=\"https:\/\/www.mezcalesdeleyenda.com\/wp-content\/uploads\/2016\/01\/MDL_4-1-600x767.jpg\" class=\"img-responsive wp-post-image\" alt=\"\" srcset=\"https:\/\/www.mezcalesdeleyenda.com\/wp-content\/uploads\/2016\/01\/MDL_4-1-600x767.jpg 600w, https:\/\/www.mezcalesdeleyenda.com\/wp-content\/uploads\/2016\/01\/MDL_4-1-18x24.jpg 18w, https:\/\/www.mezcalesdeleyenda.com\/wp-content\/uploads\/2016\/01\/MDL_4-1-27x36.jpg 27w\" sizes=\"auto, (max-width: 600px) 100vw, 600px\" \/> <h2>Mezcals Uniques<\/h2><div class=\"product-overlay\"><div class=\"product-overlay-inner\"><span class=\"h2\">Mezcals Uniques<\/span><p>Mezcal artisanal \u00e9labor\u00e9 avec le spectaculaire agave Montana<\/p><\/div><\/div><\/div><\/div><div class=\"product-item-wrapper wow slideInUpFadeInMenu\" data-wow-delay=\"0.6s\"><div class=\"product-item\"><a href=\"https:\/\/www.mezcalesdeleyenda.com\/fr\/product\/reservas-de-la-biosfera\/\"><\/a><img loading=\"lazy\" decoding=\"async\" width=\"600\" height=\"767\" src=\"https:\/\/www.mezcalesdeleyenda.com\/wp-content\/uploads\/2016\/01\/MDL_1-600x767.jpg\" class=\"img-responsive wp-post-image\" alt=\"\" srcset=\"https:\/\/www.mezcalesdeleyenda.com\/wp-content\/uploads\/2016\/01\/MDL_1-600x767.jpg 600w, https:\/\/www.mezcalesdeleyenda.com\/wp-content\/uploads\/2016\/01\/MDL_1-18x24.jpg 18w, https:\/\/www.mezcalesdeleyenda.com\/wp-content\/uploads\/2016\/01\/MDL_1-27x36.jpg 27w\" sizes=\"auto, (max-width: 600px) 100vw, 600px\" \/> <h2>R\u00e9serves de la Biosph\u00e8re<\/h2><div class=\"product-overlay\"><div class=\"product-overlay-inner\"><span class=\"h2\">R\u00e9serves de la Biosph\u00e8re<\/span><p>Mezcal artisanal de la biosph\u00e8re de Tehuacan Cuicatlan<\/p><\/div><\/div><\/div><\/div><div class=\"product-item-wrapper wow slideInUpFadeInMenu\" data-wow-delay=\"0.8s\"><div class=\"product-item\"><a href=\"https:\/\/www.mezcalesdeleyenda.com\/fr\/product\/cementerio-mezcalero\/\"><\/a><img loading=\"lazy\" decoding=\"async\" width=\"600\" height=\"767\" src=\"https:\/\/www.mezcalesdeleyenda.com\/wp-content\/uploads\/2016\/01\/MDL_3-600x767.jpg\" class=\"img-responsive wp-post-image\" alt=\"\" srcset=\"https:\/\/www.mezcalesdeleyenda.com\/wp-content\/uploads\/2016\/01\/MDL_3-600x767.jpg 600w, https:\/\/www.mezcalesdeleyenda.com\/wp-content\/uploads\/2016\/01\/MDL_3-18x24.jpg 18w, https:\/\/www.mezcalesdeleyenda.com\/wp-content\/uploads\/2016\/01\/MDL_3-27x36.jpg 27w\" sizes=\"auto, (max-width: 600px) 100vw, 600px\" \/> <h2>Le Cimeti\u00e8re du Mezcal<\/h2><div class=\"product-overlay\"><div class=\"product-overlay-inner\"><span class=\"h2\">Le Cimeti\u00e8re du Mezcal<\/span><p>Mezcal Artisanal de Tzitzio de la r\u00e9gion de Michoac\u00e1n<\/p><\/div><\/div><\/div><\/div><\/div>[\/vc_column][vc_column]<div class=\"share-wrapper\">\n\t\t<div class=\"container\">\n\t\t\t<div class=\"share-page\">\n\t\t\t\t<p><span>Partagez cette page<\/span><\/p>\n\t\t\t\t<div class=\"share-block\">\n\t\t\t\t\t<span class=\"st_facebook_large\" displayText=\"Facebook\"><\/span>\n\t\t\t\t\t<span class=\"st_twitter_large\" displayText=\"Tweet\"><\/span>\n\t\t\t\t\t<span class=\"st_linkedin_large\" displayText=\"LinkedIn\"><\/span>\n\t\t\t\t\t<span class=\"st_email_large\" displayText=\"Email\"><\/span>\n\t\t\t\t<\/div>\n\t\t\t<\/div>\n\t\t<\/div>\n\t<\/div>[\/vc_column][\/vc_row]<\/p>\n","protected":false},"excerpt":{"rendered":"<p>[vc_row][vc_column][\/vc_column][vc_column][\/vc_column][vc_column][\/vc_column][\/vc_row]<\/p>\n","protected":false},"author":2,"featured_media":0,"parent":0,"menu_order":0,"comment_status":"closed","ping_status":"closed","template":"template-vc-page.php","meta":{"footnotes":""},"class_list":["post-1663","page","type-page","status-publish","hentry"],"yoast_head":"<!-- This site is optimized with the Yoast SEO plugin v15.7 - https:\/\/yoast.com\/wordpress\/plugins\/seo\/ -->\n<meta name=\"robots\" content=\"index, follow, max-snippet:-1, max-image-preview:large, max-video-preview:-1\" \/>\n<link rel=\"canonical\" href=\"https:\/\/www.mezcalesdeleyenda.com\/fr\/special-editions\/\" \/>\n<meta property=\"og:locale\" content=\"fr_FR\" \/>\n<meta property=\"og:type\" content=\"article\" \/>\n<meta property=\"og:title\" content=\"Editions sp\u00e9ciales | Mezcales de Leyenda\" \/>\n<meta property=\"og:description\" content=\"[vc_row][vc_column][\/vc_column][vc_column][\/vc_column][vc_column][\/vc_column][\/vc_row]\" \/>\n<meta property=\"og:url\" content=\"https:\/\/www.mezcalesdeleyenda.com\/fr\/special-editions\/\" \/>\n<meta property=\"og:site_name\" content=\"Mezcales de Leyenda\" \/>\n<meta property=\"article:publisher\" content=\"https:\/\/www.facebook.com\/mezcalesdeleyenda\/\" \/>\n<meta property=\"article:modified_time\" content=\"2017-07-11T15:51:24+00:00\" \/>\n<meta name=\"twitter:card\" content=\"summary\" \/>\n<script type=\"application\/ld+json\" class=\"yoast-schema-graph\">{\"@context\":\"https:\/\/schema.org\",\"@graph\":[{\"@type\":\"Organization\",\"@id\":\"https:\/\/www.mezcalesdeleyenda.com\/#organization\",\"name\":\"Mezcales de Leyenda\",\"url\":\"https:\/\/www.mezcalesdeleyenda.com\/\",\"sameAs\":[\"https:\/\/www.facebook.com\/mezcalesdeleyenda\/\",\"https:\/\/www.instagram.com\/mezcalesleyendamx\"],\"logo\":{\"@type\":\"ImageObject\",\"@id\":\"https:\/\/www.mezcalesdeleyenda.com\/#logo\",\"inLanguage\":\"fr-FR\",\"url\":\"https:\/\/www.mezcalesdeleyenda.com\/wp-content\/uploads\/2017\/05\/Logo_MDL-BCO.jpg\",\"width\":5077,\"height\":4250,\"caption\":\"Mezcales de Leyenda\"},\"image\":{\"@id\":\"https:\/\/www.mezcalesdeleyenda.com\/#logo\"}},{\"@type\":\"WebSite\",\"@id\":\"https:\/\/www.mezcalesdeleyenda.com\/#website\",\"url\":\"https:\/\/www.mezcalesdeleyenda.com\/\",\"name\":\"Mezcales de Leyenda\",\"description\":\"Hand Crafted Artisanal Mezcales\",\"publisher\":{\"@id\":\"https:\/\/www.mezcalesdeleyenda.com\/#organization\"},\"potentialAction\":[{\"@type\":\"SearchAction\",\"target\":\"https:\/\/www.mezcalesdeleyenda.com\/?s={search_term_string}\",\"query-input\":\"required name=search_term_string\"}],\"inLanguage\":\"fr-FR\"},{\"@type\":\"WebPage\",\"@id\":\"https:\/\/www.mezcalesdeleyenda.com\/fr\/special-editions\/#webpage\",\"url\":\"https:\/\/www.mezcalesdeleyenda.com\/fr\/special-editions\/\",\"name\":\"Editions sp\\u00e9ciales | Mezcales de Leyenda\",\"isPartOf\":{\"@id\":\"https:\/\/www.mezcalesdeleyenda.com\/#website\"},\"datePublished\":\"2016-10-11T16:41:23+00:00\",\"dateModified\":\"2017-07-11T15:51:24+00:00\",\"inLanguage\":\"fr-FR\",\"potentialAction\":[{\"@type\":\"ReadAction\",\"target\":[\"https:\/\/www.mezcalesdeleyenda.com\/fr\/special-editions\/\"]}]}]}<\/script>\n<!-- \/ Yoast SEO plugin. -->","_links":{"self":[{"href":"https:\/\/www.mezcalesdeleyenda.com\/fr\/wp-json\/wp\/v2\/pages\/1663","targetHints":{"allow":["GET"]}}],"collection":[{"href":"https:\/\/www.mezcalesdeleyenda.com\/fr\/wp-json\/wp\/v2\/pages"}],"about":[{"href":"https:\/\/www.mezcalesdeleyenda.com\/fr\/wp-json\/wp\/v2\/types\/page"}],"author":[{"embeddable":true,"href":"https:\/\/www.mezcalesdeleyenda.com\/fr\/wp-json\/wp\/v2\/users\/2"}],"replies":[{"embeddable":true,"href":"https:\/\/www.mezcalesdeleyenda.com\/fr\/wp-json\/wp\/v2\/comments?post=1663"}],"version-history":[{"count":0,"href":"https:\/\/www.mezcalesdeleyenda.com\/fr\/wp-json\/wp\/v2\/pages\/1663\/revisions"}],"wp:attachment":[{"href":"https:\/\/www.mezcalesdeleyenda.com\/fr\/wp-json\/wp\/v2\/media?parent=1663"}],"curies":[{"name":"wp","href":"https:\/\/api.w.org\/{rel}","templated":true}]}}