{"id":1654,"date":"2015-11-05T09:28:05","date_gmt":"2015-11-05T09:28:05","guid":{"rendered":"http:\/\/www.mezcalesdeleyenda.com\/fr\/mezcal-basics\/"},"modified":"2017-06-14T00:02:50","modified_gmt":"2017-06-14T00:02:50","slug":"mezcal-basics","status":"publish","type":"page","link":"https:\/\/www.mezcalesdeleyenda.com\/fr\/mezcal-basics\/","title":{"rendered":"G\u00e9n\u00e9ralit\u00e9s sur le Mezcal"},"content":{"rendered":"<p>[vc_row][vc_column]<div class=\"homepage-image wow slideInUpFadeInMenu without-button\">\n\t\t<div class=\"hs-item parallax-image\" style=\"background-image:url(https:\/\/www.mezcalesdeleyenda.com\/wp-content\/uploads\/2016\/06\/AG4A5908.jpg);\">\n\t\t\t<div class=\"container\">\n\t\t\t\t<div class=\"image\"><img decoding=\"async\" src=\"https:\/\/www.mezcalesdeleyenda.com\/wp-content\/uploads\/2016\/06\/AG4A5908.jpg\" alt=\"\" class=\"img-responsive\"><\/div>\n\t\t\t\t<div class=\"text wow slideInUpFadeIn\">\n\t\t\t\t\t<div class=\"container\">\n\t\t\t\t\t\t<h2>G\u00e9n\u00e9ralit\u00e9s sur le Mezcal<\/h2>\n\t\t\t\t\t\t<\/div>\n\t\t\t\t<\/div>\n\t\t\t<\/div><!-- \/.hs-item -->\n\t\t<\/div>\n\t<\/div><div class=\"homepage-text wow slideInUpFadeInMenu\">\n\t\t<div class=\"container\">\n\t\t\t<div class=\"text\">\n\t\t\t\t<p>&#8220;Le processus d\u2019\u00e9laboration pour obtenir du Mezcal artisanal&#8221;<\/p>\n\n\t\t\t<\/div>\n\t\t<\/div>\n\t<\/div><div class=\"subpages-list clearfix\"><div class=\"subpage-item clearfix\">\n\t\t\t\t\t<div class=\"text\">\n\t\t\t\t\t\t<div class=\"text-inner\">\n\t\t\t\t\t\t\t<h2>Le TERRAIN<\/h2>\n\t\t\t\t\t\t\t<p>Avant la r\u00e9colte ou \u201cjima\u201d du \u201cmaguey\u201d (agave), il faut identifier les agaves magueys m\u00fbrs, car ceux-ci sont ceux qui ont le plus de sucre et donc qui produiront plus de litres de Mezcal. Ceci est fait simplement en trouvant ceux o\u1eeb l\u2019inflorescence commence \u00e0 germer.<\/p>\n<p>.<\/p>\n\n\t\t\t\t\t\t<\/div>\n\t\t\t\t\t<\/div>\n\t\t\t\t\t<div class=\"image\"><img decoding=\"async\" src=\"https:\/\/www.mezcalesdeleyenda.com\/wp-content\/uploads\/2015\/11\/mezcales-basics-1024x668.jpg\" alt=\"\" class=\"img-responsive\"><\/div>\n\t\t\t\t<\/div><div class=\"subpage-item clearfix\">\n\t\t\t\t\t<div class=\"text\">\n\t\t\t\t\t\t<div class=\"text-inner\">\n\t\t\t\t\t\t\t<h2>R\u00c9COLTE De l\u2019agave MAGUEY<\/h2>\n\t\t\t\t\t\t\t<p>Les agaves magueys sont ras\u00e9s jusqu\u2019\u00e0 la base des feuilles au moyen d\u2019une hache, d\u2019une sorte de houe ou d\u2019une machette, et ce qui demeure est connu comme \u00ab\u00a0pi\u00f1a\u00a0\u00bb ou c\u0153ur du \u201cmaguey\u201d.<\/p>\n\n\t\t\t\t\t\t<\/div>\n\t\t\t\t\t<\/div>\n\t\t\t\t\t<div class=\"image\"><img decoding=\"async\" src=\"https:\/\/www.mezcalesdeleyenda.com\/wp-content\/uploads\/2016\/01\/Sin-t\u00edtulo-1-1-1024x575.jpg\" alt=\"\" class=\"img-responsive\"><\/div>\n\t\t\t\t<\/div><div class=\"subpage-item clearfix\">\n\t\t\t\t\t<div class=\"text\">\n\t\t\t\t\t\t<div class=\"text-inner\">\n\t\t\t\t\t\t\t<h2>Cuisson<\/h2>\n\t\t\t\t\t\t\t<p>Les fruits sont cuits dans des fours, dans ce cas-l\u00e0 des fours de terre, afin de transformer les amidons contenus naturellement dans la plante, en sucres simples qui nourriront les levures dans les bassins de fermentation.<\/p>\n\n\t\t\t\t\t\t<\/div>\n\t\t\t\t\t<\/div>\n\t\t\t\t\t<div class=\"image\"><img decoding=\"async\" src=\"https:\/\/www.mezcalesdeleyenda.com\/wp-content\/uploads\/2015\/11\/roasting-1024x683.jpg\" alt=\"\" class=\"img-responsive\"><\/div>\n\t\t\t\t<\/div><div class=\"subpage-item clearfix\">\n\t\t\t\t\t<div class=\"text\">\n\t\t\t\t\t\t<div class=\"text-inner\">\n\t\t\t\t\t\t\t<h2>Broyage<\/h2>\n\t\t\t\t\t\t\t<p>Les \u00ab\u00a0pi\u00f1as\u00a0\u00bb cuites sont moulues de diverses mani\u00e8res, afin que les levures et d\u2019autres microorganismes puissent acc\u00e9der aux sucres qui se trouvent dans leurs fibres.<\/p>\n\n\t\t\t\t\t\t<\/div>\n\t\t\t\t\t<\/div>\n\t\t\t\t\t<div class=\"image\"><img decoding=\"async\" src=\"https:\/\/www.mezcalesdeleyenda.com\/wp-content\/uploads\/2015\/11\/AG4A5355.jpg\" alt=\"\" class=\"img-responsive\"><\/div>\n\t\t\t\t<\/div><div class=\"subpage-item clearfix\">\n\t\t\t\t\t<div class=\"text\">\n\t\t\t\t\t\t<div class=\"text-inner\">\n\t\t\t\t\t\t\t<h2>Fermentation<\/h2>\n\t\t\t\t\t\t\t<p>L\u2019agave maguey et les miels qui sont \u00e9goutt\u00e9s pendant le processus de la mac\u00e9ration sont d\u00e9pos\u00e9s dans des cuves de fermentation, qui peuvent \u00eatre faits de divers mat\u00e9riaux, g\u00e9n\u00e9ralement en bois, o\u1eeb les levures et d\u2019autres microorganismes se nourriront des sucres, en les transformant en alcool.<\/p>\n\n\t\t\t\t\t\t<\/div>\n\t\t\t\t\t<\/div>\n\t\t\t\t\t<div class=\"image\"><img decoding=\"async\" src=\"https:\/\/www.mezcalesdeleyenda.com\/wp-content\/uploads\/2016\/01\/AG4A9250-1024x534.jpg\" alt=\"\" class=\"img-responsive\"><\/div>\n\t\t\t\t<\/div><div class=\"subpage-item clearfix\">\n\t\t\t\t\t<div class=\"text\">\n\t\t\t\t\t\t<div class=\"text-inner\">\n\t\t\t\t\t\t\t<h2>Distillation<\/h2>\n\t\t\t\t\t\t\t<p>Une fois que les levures ont consomm\u00e9 la majeure partie des sucres, le contenu des bassins est d\u00e9pos\u00e9 dans l\u2019alambic, afin de s\u00e9parer l\u2019alcool par l\u2019action de la chaleur, g\u00e9n\u00e9ralement obtenue en brulant du bois; les vapeurs g\u00e9n\u00e9r\u00e9es par ladite action se condensent lorsqu\u2019ils entrent en contact avec l\u2019eau, et le Mezcal na\u00eet.<\/p>\n\n\t\t\t\t\t\t<\/div>\n\t\t\t\t\t<\/div>\n\t\t\t\t\t<div class=\"image\"><img decoding=\"async\" src=\"https:\/\/www.mezcalesdeleyenda.com\/wp-content\/uploads\/2016\/01\/AG4A6521-1024x724.jpg\" alt=\"\" class=\"img-responsive\"><\/div>\n\t\t\t\t<\/div><\/div><div class=\"page-single-link-wrapper\"><div class=\"container\"><a href=\"http:\/\/www.mezcalesdeleyenda.com\/more-information\/\">PLUS D\u00b4INFORMATIONS<\/a><\/div><\/div><div class=\"share-wrapper\">\n\t\t<div class=\"container\">\n\t\t\t<div class=\"share-page\">\n\t\t\t\t<p><span>Partagez cette page<\/span><\/p>\n\t\t\t\t<div class=\"share-block\">\n\t\t\t\t\t<span class=\"st_facebook_large\" displayText=\"Facebook\"><\/span>\n\t\t\t\t\t<span class=\"st_twitter_large\" displayText=\"Tweet\"><\/span>\n\t\t\t\t\t<span class=\"st_linkedin_large\" displayText=\"LinkedIn\"><\/span>\n\t\t\t\t\t<span class=\"st_email_large\" displayText=\"Email\"><\/span>\n\t\t\t\t<\/div>\n\t\t\t<\/div>\n\t\t<\/div>\n\t<\/div>[\/vc_column][\/vc_row]<\/p>\n","protected":false},"excerpt":{"rendered":"<p>[vc_row][vc_column][\/vc_column][\/vc_row]<\/p>\n","protected":false},"author":1,"featured_media":0,"parent":0,"menu_order":0,"comment_status":"closed","ping_status":"closed","template":"template-vc-page.php","meta":{"footnotes":""},"class_list":["post-1654","page","type-page","status-publish","hentry"],"yoast_head":"<!-- This site is optimized with the Yoast SEO plugin v15.7 - https:\/\/yoast.com\/wordpress\/plugins\/seo\/ -->\n<meta name=\"robots\" content=\"index, follow, max-snippet:-1, max-image-preview:large, max-video-preview:-1\" \/>\n<link rel=\"canonical\" href=\"https:\/\/www.mezcalesdeleyenda.com\/fr\/mezcal-basics\/\" \/>\n<meta property=\"og:locale\" content=\"fr_FR\" \/>\n<meta property=\"og:type\" content=\"article\" \/>\n<meta property=\"og:title\" content=\"G\u00e9n\u00e9ralit\u00e9s sur le Mezcal | Mezcales de Leyenda\" \/>\n<meta property=\"og:description\" content=\"[vc_row][vc_column][\/vc_column][\/vc_row]\" \/>\n<meta property=\"og:url\" content=\"https:\/\/www.mezcalesdeleyenda.com\/fr\/mezcal-basics\/\" \/>\n<meta property=\"og:site_name\" content=\"Mezcales de Leyenda\" \/>\n<meta property=\"article:publisher\" content=\"https:\/\/www.facebook.com\/mezcalesdeleyenda\/\" \/>\n<meta property=\"article:modified_time\" content=\"2017-06-14T00:02:50+00:00\" \/>\n<meta name=\"twitter:card\" content=\"summary\" \/>\n<meta name=\"twitter:label1\" content=\"Est. reading time\">\n\t<meta name=\"twitter:data1\" content=\"2 minutes\">\n<script type=\"application\/ld+json\" class=\"yoast-schema-graph\">{\"@context\":\"https:\/\/schema.org\",\"@graph\":[{\"@type\":\"Organization\",\"@id\":\"https:\/\/www.mezcalesdeleyenda.com\/#organization\",\"name\":\"Mezcales de Leyenda\",\"url\":\"https:\/\/www.mezcalesdeleyenda.com\/\",\"sameAs\":[\"https:\/\/www.facebook.com\/mezcalesdeleyenda\/\",\"https:\/\/www.instagram.com\/mezcalesleyendamx\"],\"logo\":{\"@type\":\"ImageObject\",\"@id\":\"https:\/\/www.mezcalesdeleyenda.com\/#logo\",\"inLanguage\":\"fr-FR\",\"url\":\"https:\/\/www.mezcalesdeleyenda.com\/wp-content\/uploads\/2017\/05\/Logo_MDL-BCO.jpg\",\"width\":5077,\"height\":4250,\"caption\":\"Mezcales de Leyenda\"},\"image\":{\"@id\":\"https:\/\/www.mezcalesdeleyenda.com\/#logo\"}},{\"@type\":\"WebSite\",\"@id\":\"https:\/\/www.mezcalesdeleyenda.com\/#website\",\"url\":\"https:\/\/www.mezcalesdeleyenda.com\/\",\"name\":\"Mezcales de Leyenda\",\"description\":\"Hand Crafted Artisanal Mezcales\",\"publisher\":{\"@id\":\"https:\/\/www.mezcalesdeleyenda.com\/#organization\"},\"potentialAction\":[{\"@type\":\"SearchAction\",\"target\":\"https:\/\/www.mezcalesdeleyenda.com\/?s={search_term_string}\",\"query-input\":\"required name=search_term_string\"}],\"inLanguage\":\"fr-FR\"},{\"@type\":\"WebPage\",\"@id\":\"https:\/\/www.mezcalesdeleyenda.com\/fr\/mezcal-basics\/#webpage\",\"url\":\"https:\/\/www.mezcalesdeleyenda.com\/fr\/mezcal-basics\/\",\"name\":\"G\\u00e9n\\u00e9ralit\\u00e9s sur le Mezcal | Mezcales de Leyenda\",\"isPartOf\":{\"@id\":\"https:\/\/www.mezcalesdeleyenda.com\/#website\"},\"datePublished\":\"2015-11-05T09:28:05+00:00\",\"dateModified\":\"2017-06-14T00:02:50+00:00\",\"inLanguage\":\"fr-FR\",\"potentialAction\":[{\"@type\":\"ReadAction\",\"target\":[\"https:\/\/www.mezcalesdeleyenda.com\/fr\/mezcal-basics\/\"]}]}]}<\/script>\n<!-- \/ Yoast SEO plugin. -->","_links":{"self":[{"href":"https:\/\/www.mezcalesdeleyenda.com\/fr\/wp-json\/wp\/v2\/pages\/1654","targetHints":{"allow":["GET"]}}],"collection":[{"href":"https:\/\/www.mezcalesdeleyenda.com\/fr\/wp-json\/wp\/v2\/pages"}],"about":[{"href":"https:\/\/www.mezcalesdeleyenda.com\/fr\/wp-json\/wp\/v2\/types\/page"}],"author":[{"embeddable":true,"href":"https:\/\/www.mezcalesdeleyenda.com\/fr\/wp-json\/wp\/v2\/users\/1"}],"replies":[{"embeddable":true,"href":"https:\/\/www.mezcalesdeleyenda.com\/fr\/wp-json\/wp\/v2\/comments?post=1654"}],"version-history":[{"count":0,"href":"https:\/\/www.mezcalesdeleyenda.com\/fr\/wp-json\/wp\/v2\/pages\/1654\/revisions"}],"wp:attachment":[{"href":"https:\/\/www.mezcalesdeleyenda.com\/fr\/wp-json\/wp\/v2\/media?parent=1654"}],"curies":[{"name":"wp","href":"https:\/\/api.w.org\/{rel}","templated":true}]}}