{"id":1647,"date":"2016-01-14T16:08:41","date_gmt":"2016-01-14T16:08:41","guid":{"rendered":"http:\/\/www.mezcalesdeleyenda.com\/fr\/our-group\/"},"modified":"2017-06-06T18:49:05","modified_gmt":"2017-06-06T18:49:05","slug":"our-group","status":"publish","type":"page","link":"https:\/\/www.mezcalesdeleyenda.com\/fr\/pioneers\/our-group\/","title":{"rendered":"Le Groupe"},"content":{"rendered":"<p>[vc_row][vc_column]<div class=\"container\"><div class=\"sections-subpages-list clearfix\"><div class=\"section-subpage-item wow slideInUpFadeInMenu clearfix\">\n\t\t\t\t\t<div class=\"image\">\n\t\t\t\t\t\t<img decoding=\"async\" src=\"https:\/\/www.mezcalesdeleyenda.com\/wp-content\/uploads\/2016\/01\/la-biotica.png\" alt=\"\" class=\"img-responsive\">\n\t\t\t\t\t<\/div>\n\t\t\t\t\t<div class=\"text\">\n\t\t\t\t\t\t<div class=\"text-inner\">\n\t\t\t\t\t\t\t<h2>La Botica<\/h2>\n\t\t\t\t\t\t\t<p>En 2005, nous avons inaugur\u00e9 &#8216;La Botica&#8217; (\u2018La Boutique\u2019), le premier \u00e9tablissement dans la Ville de Mexico qui est d\u00e9di\u00e9e exclusivement \u00e0 la vente de Mezcals artisanaux, ce qui a contribu\u00e9 \u00e0 encourager l\u2019int\u00e9r\u00eat pour la cat\u00e9gorie des \u2018Mezcal\u2019 dans la capitale du Mexique.<\/p>\n\n\t\t\t\t\t\t<\/div>\n\t\t\t\t\t\t<img decoding=\"async\" src=\"https:\/\/www.mezcalesdeleyenda.com\/wp-content\/uploads\/2016\/01\/la-biotica.png\" alt=\"\" class=\"img-responsive\">\n\t\t\t\t\t<\/div>\n\t\t\t\t<\/div><div class=\"section-subpage-item wow slideInUpFadeInMenu clearfix\">\n\t\t\t\t\t<div class=\"image\">\n\t\t\t\t\t\t<img decoding=\"async\" src=\"https:\/\/www.mezcalesdeleyenda.com\/wp-content\/uploads\/2016\/07\/HechoenDumbo-CHICO-565x408.png\" alt=\"\" class=\"img-responsive\">\n\t\t\t\t\t<\/div>\n\t\t\t\t\t<div class=\"text\">\n\t\t\t\t\t\t<div class=\"text-inner\">\n\t\t\t\t\t\t\t<h2>Hecho en Dumbo<\/h2>\n\t\t\t\t\t\t\t<\/p>\n<div id=\"m_3805295858835751328AppleMailSignature\">\n<p>En 2007, nous avons ouvert \u2018Hecho en Dumbo\u2019 (\u2018Fait \u00e0 Dumbo\u2019) \u00e0 New York, dans l\u2019id\u00e9e d\u2019offrir une exp\u00e9rience moderne de la gastronomie Mexicaine, \u00e0 travers d\u2018hors d\u2019\u0153uvres classiques et authentiques, \u00e9labor\u00e9s avec des ingr\u00e9dients locaux, ainsi qu\u2019une s\u00e9lection des meilleurs distill\u00e9s Mexicains.<\/p>\n<\/div>\n<p>\n\n\t\t\t\t\t\t<\/div>\n\t\t\t\t\t\t<img decoding=\"async\" src=\"https:\/\/www.mezcalesdeleyenda.com\/wp-content\/uploads\/2016\/07\/HechoenDumbo-CHICO-565x408.png\" alt=\"\" class=\"img-responsive\">\n\t\t\t\t\t<\/div>\n\t\t\t\t<\/div><div class=\"section-subpage-item wow slideInUpFadeInMenu clearfix\">\n\t\t\t\t\t<div class=\"image\">\n\t\t\t\t\t\t<img decoding=\"async\" src=\"https:\/\/www.mezcalesdeleyenda.com\/wp-content\/uploads\/2016\/01\/la-nacional.png\" alt=\"\" class=\"img-responsive\">\n\t\t\t\t\t<\/div>\n\t\t\t\t\t<div class=\"text\">\n\t\t\t\t\t\t<div class=\"text-inner\">\n\t\t\t\t\t\t\t<h2>La Nacional<\/h2>\n\t\t\t\t\t\t\t<p>En 2010, nous avons inaugur\u00e9 &#8216;La Nacional&#8217; (\u2018La Nationale\u2019), en suivant le chemin trac\u00e9 par La Botica, et nous avons offert pour la premi\u00e8re fois \u00e0 la Ville de Mexico un endroit o\u1eeb il \u00e9st possible de d\u00e9guster des distill\u00e9s artisanaux Mexicains peu connus tels que: \u201csotol\u201d, \u201cbacanora\u201d, \u201craicilla\u201d, parmi d\u2019autres.<\/p>\n\n\t\t\t\t\t\t<\/div>\n\t\t\t\t\t\t<img decoding=\"async\" src=\"https:\/\/www.mezcalesdeleyenda.com\/wp-content\/uploads\/2016\/01\/la-nacional.png\" alt=\"\" class=\"img-responsive\">\n\t\t\t\t\t<\/div>\n\t\t\t\t<\/div><div class=\"section-subpage-item wow slideInUpFadeInMenu clearfix\">\n\t\t\t\t\t<div class=\"image\">\n\t\t\t\t\t\t<img decoding=\"async\" src=\"https:\/\/www.mezcalesdeleyenda.com\/wp-content\/uploads\/2016\/01\/dardo.png\" alt=\"\" class=\"img-responsive\">\n\t\t\t\t\t<\/div>\n\t\t\t\t\t<div class=\"text\">\n\t\t\t\t\t\t<div class=\"text-inner\">\n\t\t\t\t\t\t\t<h2>Festival DARDO<\/h2>\n\t\t\t\t\t\t\t<p>En 2011, apr\u00e8s avoir voyag\u00e9 plusieurs ann\u00e9es et avoir connu beaucoup de petits producteurs des diverses r\u00e9gions du Mexique, nous avons con\u00e7u le festival &#8216;DARDO&#8217;, dont les buts principaux sont de revaloriser, diffuser, encourager et renseigner sur les diff\u00e9rences et les caract\u00e9ristiques des divers distill\u00e9s artisanaux qui sont orgueilleusement produits au Mexique.<\/p>\n\n\t\t\t\t\t\t<\/div>\n\t\t\t\t\t\t<img decoding=\"async\" src=\"https:\/\/www.mezcalesdeleyenda.com\/wp-content\/uploads\/2016\/01\/dardo.png\" alt=\"\" class=\"img-responsive\">\n\t\t\t\t\t<\/div>\n\t\t\t\t<\/div><div class=\"section-subpage-item wow slideInUpFadeInMenu clearfix\">\n\t\t\t\t\t<div class=\"image\">\n\t\t\t\t\t\t<img decoding=\"async\" src=\"https:\/\/www.mezcalesdeleyenda.com\/wp-content\/uploads\/2016\/01\/MARCAAGUBlack-568x408.png\" alt=\"\" class=\"img-responsive\">\n\t\t\t\t\t<\/div>\n\t\t\t\t\t<div class=\"text\">\n\t\t\t\t\t\t<div class=\"text-inner\">\n\t\t\t\t\t\t\t<h2>CRM<\/h2>\n\t\t\t\t\t\t\t<p>Depuis 2012, nous participons au Conseil Directif du Conseil R\u00e9gulateur du Mezcal, dans le but de contribuer \u00e0 l\u2019am\u00e9lioration et \u00e0 la modernisation de notre industrie.<\/p>\n\n\t\t\t\t\t\t<\/div>\n\t\t\t\t\t\t<img decoding=\"async\" src=\"https:\/\/www.mezcalesdeleyenda.com\/wp-content\/uploads\/2016\/01\/MARCAAGUBlack-568x408.png\" alt=\"\" class=\"img-responsive\">\n\t\t\t\t\t<\/div>\n\t\t\t\t<\/div><\/div><\/div>[\/vc_column][vc_column]<div class=\"share-wrapper\">\n\t\t<div class=\"container\">\n\t\t\t<div class=\"share-page\">\n\t\t\t\t<p><span>Partagez cette page<\/span><\/p>\n\t\t\t\t<div class=\"share-block\">\n\t\t\t\t\t<span class=\"st_facebook_large\" displayText=\"Facebook\"><\/span>\n\t\t\t\t\t<span class=\"st_twitter_large\" displayText=\"Tweet\"><\/span>\n\t\t\t\t\t<span class=\"st_linkedin_large\" displayText=\"LinkedIn\"><\/span>\n\t\t\t\t\t<span class=\"st_email_large\" displayText=\"Email\"><\/span>\n\t\t\t\t<\/div>\n\t\t\t<\/div>\n\t\t<\/div>\n\t<\/div>[\/vc_column][\/vc_row]<\/p>\n","protected":false},"excerpt":{"rendered":"<p>[vc_row][vc_column][\/vc_column][vc_column][\/vc_column][\/vc_row]<\/p>\n","protected":false},"author":1,"featured_media":0,"parent":1652,"menu_order":0,"comment_status":"closed","ping_status":"closed","template":"template-vc-page.php","meta":{"footnotes":""},"class_list":["post-1647","page","type-page","status-publish","hentry"],"yoast_head":"<!-- This site is optimized with the Yoast SEO plugin v15.7 - https:\/\/yoast.com\/wordpress\/plugins\/seo\/ -->\n<meta name=\"robots\" content=\"index, follow, max-snippet:-1, max-image-preview:large, max-video-preview:-1\" \/>\n<link rel=\"canonical\" href=\"https:\/\/www.mezcalesdeleyenda.com\/fr\/pioneers\/our-group\/\" \/>\n<meta property=\"og:locale\" content=\"fr_FR\" \/>\n<meta property=\"og:type\" content=\"article\" \/>\n<meta property=\"og:title\" content=\"Le Groupe | Mezcales de Leyenda\" \/>\n<meta property=\"og:description\" content=\"[vc_row][vc_column][\/vc_column][vc_column][\/vc_column][\/vc_row]\" \/>\n<meta property=\"og:url\" content=\"https:\/\/www.mezcalesdeleyenda.com\/fr\/pioneers\/our-group\/\" \/>\n<meta property=\"og:site_name\" content=\"Mezcales de Leyenda\" \/>\n<meta property=\"article:publisher\" content=\"https:\/\/www.facebook.com\/mezcalesdeleyenda\/\" \/>\n<meta property=\"article:modified_time\" content=\"2017-06-06T18:49:05+00:00\" \/>\n<meta name=\"twitter:card\" content=\"summary\" \/>\n<meta name=\"twitter:label1\" content=\"Est. reading time\">\n\t<meta name=\"twitter:data1\" content=\"2 minutes\">\n<script type=\"application\/ld+json\" class=\"yoast-schema-graph\">{\"@context\":\"https:\/\/schema.org\",\"@graph\":[{\"@type\":\"Organization\",\"@id\":\"https:\/\/www.mezcalesdeleyenda.com\/#organization\",\"name\":\"Mezcales de Leyenda\",\"url\":\"https:\/\/www.mezcalesdeleyenda.com\/\",\"sameAs\":[\"https:\/\/www.facebook.com\/mezcalesdeleyenda\/\",\"https:\/\/www.instagram.com\/mezcalesleyendamx\"],\"logo\":{\"@type\":\"ImageObject\",\"@id\":\"https:\/\/www.mezcalesdeleyenda.com\/#logo\",\"inLanguage\":\"fr-FR\",\"url\":\"https:\/\/www.mezcalesdeleyenda.com\/wp-content\/uploads\/2017\/05\/Logo_MDL-BCO.jpg\",\"width\":5077,\"height\":4250,\"caption\":\"Mezcales de Leyenda\"},\"image\":{\"@id\":\"https:\/\/www.mezcalesdeleyenda.com\/#logo\"}},{\"@type\":\"WebSite\",\"@id\":\"https:\/\/www.mezcalesdeleyenda.com\/#website\",\"url\":\"https:\/\/www.mezcalesdeleyenda.com\/\",\"name\":\"Mezcales de Leyenda\",\"description\":\"Hand Crafted Artisanal Mezcales\",\"publisher\":{\"@id\":\"https:\/\/www.mezcalesdeleyenda.com\/#organization\"},\"potentialAction\":[{\"@type\":\"SearchAction\",\"target\":\"https:\/\/www.mezcalesdeleyenda.com\/?s={search_term_string}\",\"query-input\":\"required name=search_term_string\"}],\"inLanguage\":\"fr-FR\"},{\"@type\":\"WebPage\",\"@id\":\"https:\/\/www.mezcalesdeleyenda.com\/fr\/pioneers\/our-group\/#webpage\",\"url\":\"https:\/\/www.mezcalesdeleyenda.com\/fr\/pioneers\/our-group\/\",\"name\":\"Le Groupe | Mezcales de Leyenda\",\"isPartOf\":{\"@id\":\"https:\/\/www.mezcalesdeleyenda.com\/#website\"},\"datePublished\":\"2016-01-14T16:08:41+00:00\",\"dateModified\":\"2017-06-06T18:49:05+00:00\",\"inLanguage\":\"fr-FR\",\"potentialAction\":[{\"@type\":\"ReadAction\",\"target\":[\"https:\/\/www.mezcalesdeleyenda.com\/fr\/pioneers\/our-group\/\"]}]}]}<\/script>\n<!-- \/ Yoast SEO plugin. -->","_links":{"self":[{"href":"https:\/\/www.mezcalesdeleyenda.com\/fr\/wp-json\/wp\/v2\/pages\/1647","targetHints":{"allow":["GET"]}}],"collection":[{"href":"https:\/\/www.mezcalesdeleyenda.com\/fr\/wp-json\/wp\/v2\/pages"}],"about":[{"href":"https:\/\/www.mezcalesdeleyenda.com\/fr\/wp-json\/wp\/v2\/types\/page"}],"author":[{"embeddable":true,"href":"https:\/\/www.mezcalesdeleyenda.com\/fr\/wp-json\/wp\/v2\/users\/1"}],"replies":[{"embeddable":true,"href":"https:\/\/www.mezcalesdeleyenda.com\/fr\/wp-json\/wp\/v2\/comments?post=1647"}],"version-history":[{"count":0,"href":"https:\/\/www.mezcalesdeleyenda.com\/fr\/wp-json\/wp\/v2\/pages\/1647\/revisions"}],"up":[{"embeddable":true,"href":"https:\/\/www.mezcalesdeleyenda.com\/fr\/wp-json\/wp\/v2\/pages\/1652"}],"wp:attachment":[{"href":"https:\/\/www.mezcalesdeleyenda.com\/fr\/wp-json\/wp\/v2\/media?parent=1647"}],"curies":[{"name":"wp","href":"https:\/\/api.w.org\/{rel}","templated":true}]}}