{"id":1629,"date":"2016-01-14T09:20:46","date_gmt":"2016-01-14T09:20:46","guid":{"rendered":"http:\/\/www.mezcalesdeleyenda.com\/fr\/social-impact\/"},"modified":"2018-04-03T17:16:32","modified_gmt":"2018-04-03T17:16:32","slug":"social-impact","status":"publish","type":"page","link":"https:\/\/www.mezcalesdeleyenda.com\/fr\/our-commitment\/social-impact\/","title":{"rendered":"Impact social"},"content":{"rendered":"<p>[vc_row][vc_column]<div class=\"homepage-image wow slideInUpFadeInMenu without-button\">\n\t\t<div class=\"hs-item parallax-image\" style=\"background-image:url(https:\/\/www.mezcalesdeleyenda.com\/wp-content\/uploads\/2016\/06\/AG4A9102-dos.jpg);\">\n\t\t\t<div class=\"container\">\n\t\t\t\t<div class=\"image\"><img decoding=\"async\" src=\"https:\/\/www.mezcalesdeleyenda.com\/wp-content\/uploads\/2016\/06\/AG4A9102-dos.jpg\" alt=\"\" class=\"img-responsive\"><\/div>\n\t\t\t\t<div class=\"text wow slideInUpFadeIn\">\n\t\t\t\t\t<div class=\"container\">\n\t\t\t\t\t\t<h2>Impact social<\/h2>\n\t\t\t\t\t\t<p>Nous faisons la diff\u00e9rence dans les communaut\u00e9s o\u00f9 nous travaillons.<\/p>\n<\/div>\n\t\t\t\t<\/div>\n\t\t\t<\/div><!-- \/.hs-item -->\n\t\t<\/div>\n\t<\/div>[\/vc_column][vc_column]<div class=\"container\"><div class=\"sections-subpages-list clearfix\"><div class=\"section-subpage-item wow slideInUpFadeInMenu clearfix\">\n\t\t\t\t\t<div class=\"image\">\n\t\t\t\t\t\t<a href=\"http:\/\/www.mezcalesdeleyenda.com\/special-editions\/\" target=\"\"><img decoding=\"async\" src=\"https:\/\/www.mezcalesdeleyenda.com\/wp-content\/uploads\/2016\/06\/AG4A8850-568x408.jpg\" alt=\"\" class=\"img-responsive\"><\/a>\n\t\t\t\t\t<\/div>\n\t\t\t\t\t<div class=\"text\">\n\t\t\t\t\t\t<div class=\"text-inner\">\n\t\t\t\t\t\t\t<h2>Les Grandes L\u00e9gendes du Mezcal<\/h2>\n\t\t\t\t\t\t\t<p>Par nos \u00e9ditions sp\u00e9ciales, nous voulons faire une diff\u00e9rence.<\/p>\n<p>D\u00e9couvrez comment nous soutenons diverses causes, <a href=\"https:\/\/www.mezcalesdeleyenda.com\/es\/ediciones-especiales\/\">ici<\/a>.<\/p>\n\n\t\t\t\t\t\t<\/div>\n\t\t\t\t\t\t<img decoding=\"async\" src=\"https:\/\/www.mezcalesdeleyenda.com\/wp-content\/uploads\/2016\/06\/AG4A8850-568x408.jpg\" alt=\"\" class=\"img-responsive\">\n\t\t\t\t\t<\/div>\n\t\t\t\t<\/div><\/div><\/div><div class=\"container\"><div class=\"sections-subpages-list clearfix\"><div class=\"section-subpage-item wow slideInUpFadeInMenu clearfix\">\n\t\t\t\t\t<div class=\"image\">\n\t\t\t\t\t\t<a href=\"http:\/\/www.mezcalesdeleyenda.com\/special-editions\/\" target=\"\"><img decoding=\"async\" src=\"https:\/\/www.mezcalesdeleyenda.com\/wp-content\/uploads\/2018\/04\/comerciojusto.png\" alt=\"\" class=\"img-responsive\"><\/a>\n\t\t\t\t\t<\/div>\n\t\t\t\t\t<div class=\"text\">\n\t\t\t\t\t\t<div class=\"text-inner\">\n\t\t\t\t\t\t\t<h2>Commerce \u00e9quitable<\/h2>\n\t\t\t\t\t\t\t<p>Nous mettons en \u0153uvre les meilleures pratiques du commerce \u00e9quitable partout o\u00f9 nous travaillons.<\/p>\n\n\t\t\t\t\t\t<\/div>\n\t\t\t\t\t\t<img decoding=\"async\" src=\"https:\/\/www.mezcalesdeleyenda.com\/wp-content\/uploads\/2018\/04\/comerciojusto.png\" alt=\"\" class=\"img-responsive\">\n\t\t\t\t\t<\/div>\n\t\t\t\t<\/div><\/div><\/div>[\/vc_column][vc_column]<div class=\"share-wrapper\">\n\t\t<div class=\"container\">\n\t\t\t<div class=\"share-page\">\n\t\t\t\t<p><span>Partagez cette page<\/span><\/p>\n\t\t\t\t<div class=\"share-block\">\n\t\t\t\t\t<span class=\"st_facebook_large\" displayText=\"Facebook\"><\/span>\n\t\t\t\t\t<span class=\"st_twitter_large\" displayText=\"Tweet\"><\/span>\n\t\t\t\t\t<span class=\"st_linkedin_large\" displayText=\"LinkedIn\"><\/span>\n\t\t\t\t\t<span class=\"st_email_large\" displayText=\"Email\"><\/span>\n\t\t\t\t<\/div>\n\t\t\t<\/div>\n\t\t<\/div>\n\t<\/div>[\/vc_column][\/vc_row]<\/p>\n","protected":false},"excerpt":{"rendered":"<p>[vc_row][vc_column][\/vc_column][vc_column][\/vc_column][vc_column][\/vc_column][\/vc_row]<\/p>\n","protected":false},"author":1,"featured_media":911,"parent":1636,"menu_order":0,"comment_status":"closed","ping_status":"closed","template":"template-vc-page.php","meta":{"footnotes":""},"class_list":["post-1629","page","type-page","status-publish","has-post-thumbnail","hentry"],"yoast_head":"<!-- This site is optimized with the Yoast SEO plugin v15.7 - https:\/\/yoast.com\/wordpress\/plugins\/seo\/ -->\n<meta name=\"robots\" content=\"index, follow, max-snippet:-1, max-image-preview:large, max-video-preview:-1\" \/>\n<link rel=\"canonical\" href=\"https:\/\/www.mezcalesdeleyenda.com\/fr\/our-commitment\/social-impact\/\" \/>\n<meta property=\"og:locale\" content=\"fr_FR\" \/>\n<meta property=\"og:type\" content=\"article\" \/>\n<meta property=\"og:title\" content=\"Impact social | Mezcales de Leyenda\" \/>\n<meta property=\"og:description\" content=\"[vc_row][vc_column][\/vc_column][vc_column][\/vc_column][vc_column][\/vc_column][\/vc_row]\" \/>\n<meta property=\"og:url\" content=\"https:\/\/www.mezcalesdeleyenda.com\/fr\/our-commitment\/social-impact\/\" \/>\n<meta property=\"og:site_name\" content=\"Mezcales de Leyenda\" \/>\n<meta property=\"article:publisher\" content=\"https:\/\/www.facebook.com\/mezcalesdeleyenda\/\" \/>\n<meta property=\"article:modified_time\" content=\"2018-04-03T17:16:32+00:00\" \/>\n<meta property=\"og:image\" content=\"https:\/\/www.mezcalesdeleyenda.com\/wp-content\/uploads\/2016\/01\/011.jpg\" \/>\n\t<meta property=\"og:image:width\" content=\"790\" \/>\n\t<meta property=\"og:image:height\" content=\"630\" \/>\n<meta name=\"twitter:card\" content=\"summary\" \/>\n<meta name=\"twitter:label1\" content=\"Est. reading time\">\n\t<meta name=\"twitter:data1\" content=\"1 minute\">\n<script type=\"application\/ld+json\" class=\"yoast-schema-graph\">{\"@context\":\"https:\/\/schema.org\",\"@graph\":[{\"@type\":\"Organization\",\"@id\":\"https:\/\/www.mezcalesdeleyenda.com\/#organization\",\"name\":\"Mezcales de Leyenda\",\"url\":\"https:\/\/www.mezcalesdeleyenda.com\/\",\"sameAs\":[\"https:\/\/www.facebook.com\/mezcalesdeleyenda\/\",\"https:\/\/www.instagram.com\/mezcalesleyendamx\"],\"logo\":{\"@type\":\"ImageObject\",\"@id\":\"https:\/\/www.mezcalesdeleyenda.com\/#logo\",\"inLanguage\":\"fr-FR\",\"url\":\"https:\/\/www.mezcalesdeleyenda.com\/wp-content\/uploads\/2017\/05\/Logo_MDL-BCO.jpg\",\"width\":5077,\"height\":4250,\"caption\":\"Mezcales de Leyenda\"},\"image\":{\"@id\":\"https:\/\/www.mezcalesdeleyenda.com\/#logo\"}},{\"@type\":\"WebSite\",\"@id\":\"https:\/\/www.mezcalesdeleyenda.com\/#website\",\"url\":\"https:\/\/www.mezcalesdeleyenda.com\/\",\"name\":\"Mezcales de Leyenda\",\"description\":\"Hand Crafted Artisanal Mezcales\",\"publisher\":{\"@id\":\"https:\/\/www.mezcalesdeleyenda.com\/#organization\"},\"potentialAction\":[{\"@type\":\"SearchAction\",\"target\":\"https:\/\/www.mezcalesdeleyenda.com\/?s={search_term_string}\",\"query-input\":\"required name=search_term_string\"}],\"inLanguage\":\"fr-FR\"},{\"@type\":\"ImageObject\",\"@id\":\"https:\/\/www.mezcalesdeleyenda.com\/fr\/our-commitment\/social-impact\/#primaryimage\",\"inLanguage\":\"fr-FR\",\"url\":\"https:\/\/www.mezcalesdeleyenda.com\/wp-content\/uploads\/2016\/01\/011.jpg\",\"width\":790,\"height\":630},{\"@type\":\"WebPage\",\"@id\":\"https:\/\/www.mezcalesdeleyenda.com\/fr\/our-commitment\/social-impact\/#webpage\",\"url\":\"https:\/\/www.mezcalesdeleyenda.com\/fr\/our-commitment\/social-impact\/\",\"name\":\"Impact social | Mezcales de Leyenda\",\"isPartOf\":{\"@id\":\"https:\/\/www.mezcalesdeleyenda.com\/#website\"},\"primaryImageOfPage\":{\"@id\":\"https:\/\/www.mezcalesdeleyenda.com\/fr\/our-commitment\/social-impact\/#primaryimage\"},\"datePublished\":\"2016-01-14T09:20:46+00:00\",\"dateModified\":\"2018-04-03T17:16:32+00:00\",\"inLanguage\":\"fr-FR\",\"potentialAction\":[{\"@type\":\"ReadAction\",\"target\":[\"https:\/\/www.mezcalesdeleyenda.com\/fr\/our-commitment\/social-impact\/\"]}]}]}<\/script>\n<!-- \/ Yoast SEO plugin. -->","_links":{"self":[{"href":"https:\/\/www.mezcalesdeleyenda.com\/fr\/wp-json\/wp\/v2\/pages\/1629","targetHints":{"allow":["GET"]}}],"collection":[{"href":"https:\/\/www.mezcalesdeleyenda.com\/fr\/wp-json\/wp\/v2\/pages"}],"about":[{"href":"https:\/\/www.mezcalesdeleyenda.com\/fr\/wp-json\/wp\/v2\/types\/page"}],"author":[{"embeddable":true,"href":"https:\/\/www.mezcalesdeleyenda.com\/fr\/wp-json\/wp\/v2\/users\/1"}],"replies":[{"embeddable":true,"href":"https:\/\/www.mezcalesdeleyenda.com\/fr\/wp-json\/wp\/v2\/comments?post=1629"}],"version-history":[{"count":0,"href":"https:\/\/www.mezcalesdeleyenda.com\/fr\/wp-json\/wp\/v2\/pages\/1629\/revisions"}],"up":[{"embeddable":true,"href":"https:\/\/www.mezcalesdeleyenda.com\/fr\/wp-json\/wp\/v2\/pages\/1636"}],"wp:featuredmedia":[{"embeddable":true,"href":"https:\/\/www.mezcalesdeleyenda.com\/fr\/wp-json\/wp\/v2\/media\/911"}],"wp:attachment":[{"href":"https:\/\/www.mezcalesdeleyenda.com\/fr\/wp-json\/wp\/v2\/media?parent=1629"}],"curies":[{"name":"wp","href":"https:\/\/api.w.org\/{rel}","templated":true}]}}