{"id":1095,"date":"2016-09-27T22:22:43","date_gmt":"2016-09-27T22:22:43","guid":{"rendered":"http:\/\/mezcales.wpengine.com\/es\/?page_id=1095"},"modified":"2018-02-15T16:47:12","modified_gmt":"2018-02-15T16:47:12","slug":"proyectos","status":"publish","type":"page","link":"https:\/\/www.mezcalesdeleyenda.com\/es\/pioneros\/proyectos\/","title":{"rendered":"Proyectos"},"content":{"rendered":"<p>[vc_row][vc_column]<div class=\"container\"><div class=\"sections-subpages-list clearfix\"><div class=\"section-subpage-item wow slideInUpFadeInMenu clearfix\">\n\t\t\t\t\t<div class=\"image\">\n\t\t\t\t\t\t<img decoding=\"async\" src=\"https:\/\/www.mezcalesdeleyenda.com\/wp-content\/uploads\/2016\/01\/SOTOL-568x408.jpg\" alt=\"\" class=\"img-responsive\">\n\t\t\t\t\t<\/div>\n\t\t\t\t\t<div class=\"text\">\n\t\t\t\t\t\t<div class=\"text-inner\">\n\t\t\t\t\t\t\t<h2>F\u00e1brica solar<\/h2>\n\t\t\t\t\t\t\t<p>Con el objetivo de ser una empresa m\u00e1s sostenible, estamos trabajando con un equipo multidisciplinario de ingenieros y artistas para construir la primera f\u00e1brica de mezcal que obtenga toda su energ\u00eda del sol.<\/p>\n\n\t\t\t\t\t\t<\/div>\n\t\t\t\t\t\t<img decoding=\"async\" src=\"https:\/\/www.mezcalesdeleyenda.com\/wp-content\/uploads\/2016\/01\/SOTOL-568x408.jpg\" alt=\"\" class=\"img-responsive\">\n\t\t\t\t\t<\/div>\n\t\t\t\t<\/div><div class=\"section-subpage-item wow slideInUpFadeInMenu clearfix\">\n\t\t\t\t\t<div class=\"image\">\n\t\t\t\t\t\t<img decoding=\"async\" src=\"https:\/\/www.mezcalesdeleyenda.com\/wp-content\/uploads\/2016\/07\/image-568x408.jpg\" alt=\"\" class=\"img-responsive\">\n\t\t\t\t\t<\/div>\n\t\t\t\t\t<div class=\"text\">\n\t\t\t\t\t\t<div class=\"text-inner\">\n\t\t\t\t\t\t\t<h2>Vinata m\u00f3vil<\/h2>\n\t\t\t\t\t\t\t<p>En la tradici\u00f3n de los destiladores europeos que viajaban por los pueblos ofrececiendo destilar las mostos a los productores de uva, estamos construyendo una \u2018vinata m\u00f3vil\u2019 que viajar\u00e1 a lugares en donde hay mucho agave, pero no se produce mezcal<\/p>\n\n\t\t\t\t\t\t<\/div>\n\t\t\t\t\t\t<img decoding=\"async\" src=\"https:\/\/www.mezcalesdeleyenda.com\/wp-content\/uploads\/2016\/07\/image-568x408.jpg\" alt=\"\" class=\"img-responsive\">\n\t\t\t\t\t<\/div>\n\t\t\t\t<\/div><div class=\"section-subpage-item wow slideInUpFadeInMenu clearfix\">\n\t\t\t\t\t<div class=\"image\">\n\t\t\t\t\t\t<img decoding=\"async\" src=\"https:\/\/www.mezcalesdeleyenda.com\/wp-content\/uploads\/2016\/06\/murcielagos-568x408.jpg\" alt=\"\" class=\"img-responsive\">\n\t\t\t\t\t<\/div>\n\t\t\t\t\t<div class=\"text\">\n\t\t\t\t\t\t<div class=\"text-inner\">\n\t\t\t\t\t\t\t<h2>Murci\u00e9lagos<\/h2>\n\t\t\t\t\t\t\t<p>Para reconocer la invaluable labor que hacen los murci\u00e9lagos como los principales polinizadores de algunas especies de agave, desarrollamos actualmente una edici\u00f3n especial, a trav\u00e9s de la cual destinaremos una parte de los ingresos para su estudio y conservaci\u00f3n<\/p>\n\n\t\t\t\t\t\t<\/div>\n\t\t\t\t\t\t<img decoding=\"async\" src=\"https:\/\/www.mezcalesdeleyenda.com\/wp-content\/uploads\/2016\/06\/murcielagos-568x408.jpg\" alt=\"\" class=\"img-responsive\">\n\t\t\t\t\t<\/div>\n\t\t\t\t<\/div><div class=\"section-subpage-item wow slideInUpFadeInMenu clearfix\">\n\t\t\t\t\t<div class=\"image\">\n\t\t\t\t\t\t<img decoding=\"async\" src=\"https:\/\/www.mezcalesdeleyenda.com\/wp-content\/uploads\/2016\/06\/untitled-7-568x408.jpg\" alt=\"\" class=\"img-responsive\">\n\t\t\t\t\t<\/div>\n\t\t\t\t\t<div class=\"text\">\n\t\t\t\t\t\t<div class=\"text-inner\">\n\t\t\t\t\t\t\t<h2>9 mezcales, 1 colecci\u00f3n <\/h2>\n\t\t\t\t\t\t\t<p>En el a\u00f1o 2018, completaremos la colecci\u00f3n de Mezcales de Leyenda, con lo que ofreceremos mezcales de los \u00a09 estados que forman parte de la Denominaci\u00f3n de Origen Mezcal; cada uno, elaborado con el agave caracter\u00edstico de su regi\u00f3n.<\/p>\n\n\t\t\t\t\t\t<\/div>\n\t\t\t\t\t\t<img decoding=\"async\" src=\"https:\/\/www.mezcalesdeleyenda.com\/wp-content\/uploads\/2016\/06\/untitled-7-568x408.jpg\" alt=\"\" class=\"img-responsive\">\n\t\t\t\t\t<\/div>\n\t\t\t\t<\/div><\/div><\/div>[\/vc_column][vc_column]<div class=\"share-wrapper\">\n\t\t<div class=\"container\">\n\t\t\t<div class=\"share-page\">\n\t\t\t\t<p><span>Comparte esta p\u00e1gina<\/span><\/p>\n\t\t\t\t<div class=\"share-block\">\n\t\t\t\t\t<span class=\"st_facebook_large\" displayText=\"Facebook\"><\/span>\n\t\t\t\t\t<span class=\"st_twitter_large\" displayText=\"Tweet\"><\/span>\n\t\t\t\t\t<span class=\"st_linkedin_large\" displayText=\"LinkedIn\"><\/span>\n\t\t\t\t\t<span class=\"st_email_large\" displayText=\"Email\"><\/span>\n\t\t\t\t<\/div>\n\t\t\t<\/div>\n\t\t<\/div>\n\t<\/div>[\/vc_column][\/vc_row]<\/p>\n","protected":false},"excerpt":{"rendered":"<p>[vc_row][vc_column][\/vc_column][vc_column][\/vc_column][\/vc_row]<\/p>\n","protected":false},"author":3,"featured_media":0,"parent":297,"menu_order":0,"comment_status":"closed","ping_status":"closed","template":"template-vc-page.php","meta":{"footnotes":""},"class_list":["post-1095","page","type-page","status-publish","hentry"],"yoast_head":"<!-- This site is optimized with the Yoast SEO plugin v15.7 - https:\/\/yoast.com\/wordpress\/plugins\/seo\/ -->\n<meta name=\"robots\" content=\"index, follow, max-snippet:-1, max-image-preview:large, max-video-preview:-1\" \/>\n<link rel=\"canonical\" href=\"https:\/\/www.mezcalesdeleyenda.com\/es\/pioneros\/proyectos\/\" \/>\n<meta property=\"og:locale\" content=\"es_ES\" \/>\n<meta property=\"og:type\" content=\"article\" \/>\n<meta property=\"og:title\" content=\"Proyectos | Mezcales de Leyenda\" \/>\n<meta property=\"og:description\" content=\"[vc_row][vc_column][\/vc_column][vc_column][\/vc_column][\/vc_row]\" \/>\n<meta property=\"og:url\" content=\"https:\/\/www.mezcalesdeleyenda.com\/es\/pioneros\/proyectos\/\" \/>\n<meta property=\"og:site_name\" content=\"Mezcales de Leyenda\" \/>\n<meta property=\"article:publisher\" content=\"https:\/\/www.facebook.com\/mezcalesdeleyenda\/\" \/>\n<meta property=\"article:modified_time\" content=\"2018-02-15T16:47:12+00:00\" \/>\n<meta name=\"twitter:card\" content=\"summary\" \/>\n<meta name=\"twitter:label1\" content=\"Est. reading time\">\n\t<meta name=\"twitter:data1\" content=\"1 minute\">\n<script type=\"application\/ld+json\" class=\"yoast-schema-graph\">{\"@context\":\"https:\/\/schema.org\",\"@graph\":[{\"@type\":\"Organization\",\"@id\":\"https:\/\/www.mezcalesdeleyenda.com\/#organization\",\"name\":\"Mezcales de Leyenda\",\"url\":\"https:\/\/www.mezcalesdeleyenda.com\/\",\"sameAs\":[\"https:\/\/www.facebook.com\/mezcalesdeleyenda\/\",\"https:\/\/www.instagram.com\/mezcalesleyendamx\"],\"logo\":{\"@type\":\"ImageObject\",\"@id\":\"https:\/\/www.mezcalesdeleyenda.com\/#logo\",\"inLanguage\":\"es-ES\",\"url\":\"https:\/\/www.mezcalesdeleyenda.com\/wp-content\/uploads\/2017\/05\/Logo_MDL-BCO.jpg\",\"width\":5077,\"height\":4250,\"caption\":\"Mezcales de Leyenda\"},\"image\":{\"@id\":\"https:\/\/www.mezcalesdeleyenda.com\/#logo\"}},{\"@type\":\"WebSite\",\"@id\":\"https:\/\/www.mezcalesdeleyenda.com\/#website\",\"url\":\"https:\/\/www.mezcalesdeleyenda.com\/\",\"name\":\"Mezcales de Leyenda\",\"description\":\"Hand Crafted Artisanal Mezcales\",\"publisher\":{\"@id\":\"https:\/\/www.mezcalesdeleyenda.com\/#organization\"},\"potentialAction\":[{\"@type\":\"SearchAction\",\"target\":\"https:\/\/www.mezcalesdeleyenda.com\/?s={search_term_string}\",\"query-input\":\"required name=search_term_string\"}],\"inLanguage\":\"es-ES\"},{\"@type\":\"WebPage\",\"@id\":\"https:\/\/www.mezcalesdeleyenda.com\/es\/pioneros\/proyectos\/#webpage\",\"url\":\"https:\/\/www.mezcalesdeleyenda.com\/es\/pioneros\/proyectos\/\",\"name\":\"Proyectos | Mezcales de Leyenda\",\"isPartOf\":{\"@id\":\"https:\/\/www.mezcalesdeleyenda.com\/#website\"},\"datePublished\":\"2016-09-27T22:22:43+00:00\",\"dateModified\":\"2018-02-15T16:47:12+00:00\",\"inLanguage\":\"es-ES\",\"potentialAction\":[{\"@type\":\"ReadAction\",\"target\":[\"https:\/\/www.mezcalesdeleyenda.com\/es\/pioneros\/proyectos\/\"]}]}]}<\/script>\n<!-- \/ Yoast SEO plugin. -->","_links":{"self":[{"href":"https:\/\/www.mezcalesdeleyenda.com\/es\/wp-json\/wp\/v2\/pages\/1095","targetHints":{"allow":["GET"]}}],"collection":[{"href":"https:\/\/www.mezcalesdeleyenda.com\/es\/wp-json\/wp\/v2\/pages"}],"about":[{"href":"https:\/\/www.mezcalesdeleyenda.com\/es\/wp-json\/wp\/v2\/types\/page"}],"author":[{"embeddable":true,"href":"https:\/\/www.mezcalesdeleyenda.com\/es\/wp-json\/wp\/v2\/users\/3"}],"replies":[{"embeddable":true,"href":"https:\/\/www.mezcalesdeleyenda.com\/es\/wp-json\/wp\/v2\/comments?post=1095"}],"version-history":[{"count":0,"href":"https:\/\/www.mezcalesdeleyenda.com\/es\/wp-json\/wp\/v2\/pages\/1095\/revisions"}],"up":[{"embeddable":true,"href":"https:\/\/www.mezcalesdeleyenda.com\/es\/wp-json\/wp\/v2\/pages\/297"}],"wp:attachment":[{"href":"https:\/\/www.mezcalesdeleyenda.com\/es\/wp-json\/wp\/v2\/media?parent=1095"}],"curies":[{"name":"wp","href":"https:\/\/api.w.org\/{rel}","templated":true}]}}