{"id":1755,"date":"2016-10-12T19:12:10","date_gmt":"2016-10-12T19:12:10","guid":{"rendered":"http:\/\/www.mezcalesdeleyenda.com\/de\/flagship-line\/"},"modified":"2017-06-09T02:02:28","modified_gmt":"2017-06-09T02:02:28","slug":"flagship-line","status":"publish","type":"page","link":"https:\/\/www.mezcalesdeleyenda.com\/de\/flagship-line\/","title":{"rendered":"SAMMLUNG LEGEND\u00c4RER MEZCALE"},"content":{"rendered":"<p>[vc_row][vc_column]<div class=\"homepage-text wow slideInUpFadeInMenu\">\n\t\t<div class=\"container\">\n\t\t\t<div class=\"text long-text\">\n\t\t\t\t<\/p>\n<h2 style=\"text-align: center;\"><strong>DIE SAMMLUNG<\/strong><\/h2>\n<p>&nbsp;<\/p>\n<p style=\"text-align: center;\"><big><big>\u201c<\/big><\/big><em>Legend\u00e4re Mezcale ist das erste Unternehmen, welches eine limitierte Auflage von Mezcalen anbietet, die mit den f\u00fcr jede Region typischen Mezcalen hergestellt wurden und f\u00fcr das Herkunftszertifikat Mezcal stehen<\/em><big><big>\u201d<\/big><\/big><\/p>\n<p>\n\n\t\t\t<\/div>\n\t\t<\/div>\n\t<\/div>[\/vc_column][vc_column]<div class=\"products-wrapper clearfix products-per-row-3\"><div class=\"product-item-wrapper wow slideInUpFadeInMenu\" data-wow-delay=\"0.2s\"><div class=\"product-item\"><a href=\"https:\/\/www.mezcalesdeleyenda.com\/de\/product\/durango\/\"><\/a><img loading=\"lazy\" decoding=\"async\" width=\"600\" height=\"767\" src=\"https:\/\/www.mezcalesdeleyenda.com\/wp-content\/uploads\/2016\/06\/MDL_DGO-600x767.jpg\" class=\"img-responsive wp-post-image\" alt=\"\" srcset=\"https:\/\/www.mezcalesdeleyenda.com\/wp-content\/uploads\/2016\/06\/MDL_DGO-600x767.jpg 600w, https:\/\/www.mezcalesdeleyenda.com\/wp-content\/uploads\/2016\/06\/MDL_DGO-18x24.jpg 18w, https:\/\/www.mezcalesdeleyenda.com\/wp-content\/uploads\/2016\/06\/MDL_DGO-27x36.jpg 27w\" sizes=\"auto, (max-width: 600px) 100vw, 600px\" \/> <h2>Durango<\/h2><div class=\"product-overlay\"><div class=\"product-overlay-inner\"><span class=\"h2\">Durango<\/span><p>Ein Handarbeit Mezcal destillierte in den Quellen von Nombre de Dios (Namen Gottes), Durango\r\n<\/p><\/div><\/div><\/div><\/div><div class=\"product-item-wrapper wow slideInUpFadeInMenu\" data-wow-delay=\"0.4s\"><div class=\"product-item\"><a href=\"https:\/\/www.mezcalesdeleyenda.com\/de\/product\/guerrero\/\"><\/a><img loading=\"lazy\" decoding=\"async\" width=\"600\" height=\"767\" src=\"https:\/\/www.mezcalesdeleyenda.com\/wp-content\/uploads\/2016\/06\/MDL_GRO-600x767.jpg\" class=\"img-responsive wp-post-image\" alt=\"\" srcset=\"https:\/\/www.mezcalesdeleyenda.com\/wp-content\/uploads\/2016\/06\/MDL_GRO-600x767.jpg 600w, https:\/\/www.mezcalesdeleyenda.com\/wp-content\/uploads\/2016\/06\/MDL_GRO-18x24.jpg 18w, https:\/\/www.mezcalesdeleyenda.com\/wp-content\/uploads\/2016\/06\/MDL_GRO-27x36.jpg 27w\" sizes=\"auto, (max-width: 600px) 100vw, 600px\" \/> <h2>Guerrero<\/h2><div class=\"product-overlay\"><div class=\"product-overlay-inner\"><span class=\"h2\">Guerrero<\/span><p>Handgefertigter mezcal der Sierra Madre del sur <\/p><\/div><\/div><\/div><\/div><div class=\"product-item-wrapper wow slideInUpFadeInMenu\" data-wow-delay=\"0.6s\"><div class=\"product-item\"><a href=\"https:\/\/www.mezcalesdeleyenda.com\/de\/product\/oaxaca\/\"><\/a><img loading=\"lazy\" decoding=\"async\" width=\"600\" height=\"767\" src=\"https:\/\/www.mezcalesdeleyenda.com\/wp-content\/uploads\/2016\/06\/MDL_OAX-600x767.jpg\" class=\"img-responsive wp-post-image\" alt=\"\" srcset=\"https:\/\/www.mezcalesdeleyenda.com\/wp-content\/uploads\/2016\/06\/MDL_OAX-600x767.jpg 600w, https:\/\/www.mezcalesdeleyenda.com\/wp-content\/uploads\/2016\/06\/MDL_OAX-18x24.jpg 18w, https:\/\/www.mezcalesdeleyenda.com\/wp-content\/uploads\/2016\/06\/MDL_OAX-27x36.jpg 27w\" sizes=\"auto, (max-width: 600px) 100vw, 600px\" \/> <h2>Oaxaca<\/h2><div class=\"product-overlay\"><div class=\"product-overlay-inner\"><span class=\"h2\">Oaxaca<\/span><p>Handwerklicher Mezcal aus die Region der Zentraler T\u00e4ler<\/p><\/div><\/div><\/div><\/div><div class=\"product-item-wrapper wow slideInUpFadeInMenu\" data-wow-delay=\"0.8s\"><div class=\"product-item\"><a href=\"https:\/\/www.mezcalesdeleyenda.com\/de\/product\/puebla\/\"><\/a><img loading=\"lazy\" decoding=\"async\" width=\"600\" height=\"767\" src=\"https:\/\/www.mezcalesdeleyenda.com\/wp-content\/uploads\/2016\/06\/MDL_puebla-600x767.jpg\" class=\"img-responsive wp-post-image\" alt=\"\" srcset=\"https:\/\/www.mezcalesdeleyenda.com\/wp-content\/uploads\/2016\/06\/MDL_puebla-600x767.jpg 600w, https:\/\/www.mezcalesdeleyenda.com\/wp-content\/uploads\/2016\/06\/MDL_puebla-18x24.jpg 18w, https:\/\/www.mezcalesdeleyenda.com\/wp-content\/uploads\/2016\/06\/MDL_puebla-27x36.jpg 27w\" sizes=\"auto, (max-width: 600px) 100vw, 600px\" \/> <h2>Puebla<\/h2><div class=\"product-overlay\"><div class=\"product-overlay-inner\"><span class=\"h2\">Puebla<\/span><p>Handgefertigter mezcal de mixteca im bundesstaat Puebla<\/p><\/div><\/div><\/div><\/div><div class=\"product-item-wrapper wow slideInUpFadeInMenu\" data-wow-delay=\"1s\"><div class=\"product-item\"><a href=\"https:\/\/www.mezcalesdeleyenda.com\/de\/product\/san-luis-potosi\/\"><\/a><img loading=\"lazy\" decoding=\"async\" width=\"600\" height=\"767\" src=\"https:\/\/www.mezcalesdeleyenda.com\/wp-content\/uploads\/2016\/06\/MDL_San-Luis-600x767.jpg\" class=\"img-responsive wp-post-image\" alt=\"\" srcset=\"https:\/\/www.mezcalesdeleyenda.com\/wp-content\/uploads\/2016\/06\/MDL_San-Luis-600x767.jpg 600w, https:\/\/www.mezcalesdeleyenda.com\/wp-content\/uploads\/2016\/06\/MDL_San-Luis-18x24.jpg 18w, https:\/\/www.mezcalesdeleyenda.com\/wp-content\/uploads\/2016\/06\/MDL_San-Luis-27x36.jpg 27w\" sizes=\"auto, (max-width: 600px) 100vw, 600px\" \/> <h2>San Luis Potosi<\/h2><div class=\"product-overlay\"><div class=\"product-overlay-inner\"><span class=\"h2\">San Luis Potosi<\/span><p>Mezcal von der Hochebene in San Luis Potosi<\/p><\/div><\/div><\/div><\/div><div class=\"product-item-wrapper wow slideInUpFadeInMenu\" data-wow-delay=\"1.2s\"><div class=\"product-item\"><a href=\"https:\/\/www.mezcalesdeleyenda.com\/de\/product\/zacatecas\/\"><\/a><img loading=\"lazy\" decoding=\"async\" width=\"600\" height=\"767\" src=\"https:\/\/www.mezcalesdeleyenda.com\/wp-content\/uploads\/2016\/01\/MDL_bco-1-600x767.jpg\" class=\"img-responsive wp-post-image\" alt=\"\" srcset=\"https:\/\/www.mezcalesdeleyenda.com\/wp-content\/uploads\/2016\/01\/MDL_bco-1-600x767.jpg 600w, https:\/\/www.mezcalesdeleyenda.com\/wp-content\/uploads\/2016\/01\/MDL_bco-1-18x24.jpg 18w, https:\/\/www.mezcalesdeleyenda.com\/wp-content\/uploads\/2016\/01\/MDL_bco-1-27x36.jpg 27w\" sizes=\"auto, (max-width: 600px) 100vw, 600px\" \/> <h2>Zacatecas<\/h2><div class=\"product-overlay\"><div class=\"product-overlay-inner\"><span class=\"h2\">Zacatecas<\/span><p>Diese Seite ist ab dem 1. Halbjahr 2017 abrufbar<\/p><\/div><\/div><\/div><\/div><div id=\"section3\"><\/div><\/div>[\/vc_column][vc_column]<div class=\"share-wrapper\">\n\t\t<div class=\"container\">\n\t\t\t<div class=\"share-page\">\n\t\t\t\t<p><span>Share this page<\/span><\/p>\n\t\t\t\t<div class=\"share-block\">\n\t\t\t\t\t<span class=\"st_facebook_large\" displayText=\"Facebook\"><\/span>\n\t\t\t\t\t<span class=\"st_twitter_large\" displayText=\"Tweet\"><\/span>\n\t\t\t\t\t<span class=\"st_linkedin_large\" displayText=\"LinkedIn\"><\/span>\n\t\t\t\t\t<span class=\"st_email_large\" displayText=\"Email\"><\/span>\n\t\t\t\t<\/div>\n\t\t\t<\/div>\n\t\t<\/div>\n\t<\/div>[\/vc_column][vc_column][\/vc_column][vc_column][\/vc_column][\/vc_row]<\/p>\n","protected":false},"excerpt":{"rendered":"<p>[vc_row][vc_column][\/vc_column][vc_column][\/vc_column][vc_column][\/vc_column][vc_column][\/vc_column][vc_column][\/vc_column][\/vc_row]<\/p>\n","protected":false},"author":2,"featured_media":0,"parent":0,"menu_order":0,"comment_status":"closed","ping_status":"closed","template":"template-vc-page.php","meta":{"footnotes":""},"class_list":["post-1755","page","type-page","status-publish","hentry"],"yoast_head":"<!-- This site is optimized with the Yoast SEO plugin v15.7 - https:\/\/yoast.com\/wordpress\/plugins\/seo\/ -->\n<meta name=\"robots\" content=\"index, follow, max-snippet:-1, max-image-preview:large, max-video-preview:-1\" \/>\n<link rel=\"canonical\" href=\"https:\/\/www.mezcalesdeleyenda.com\/de\/flagship-line\/\" \/>\n<meta property=\"og:locale\" content=\"de_DE\" \/>\n<meta property=\"og:type\" content=\"article\" \/>\n<meta property=\"og:title\" content=\"SAMMLUNG LEGEND\u00c4RER MEZCALE | Mezcales de Leyenda\" \/>\n<meta property=\"og:description\" content=\"[vc_row][vc_column][\/vc_column][vc_column][\/vc_column][vc_column][\/vc_column][vc_column][\/vc_column][vc_column][\/vc_column][\/vc_row]\" \/>\n<meta property=\"og:url\" content=\"https:\/\/www.mezcalesdeleyenda.com\/de\/flagship-line\/\" \/>\n<meta property=\"og:site_name\" content=\"Mezcales de Leyenda\" \/>\n<meta property=\"article:publisher\" content=\"https:\/\/www.facebook.com\/mezcalesdeleyenda\/\" \/>\n<meta property=\"article:modified_time\" content=\"2017-06-09T02:02:28+00:00\" \/>\n<meta name=\"twitter:card\" content=\"summary\" \/>\n<script type=\"application\/ld+json\" class=\"yoast-schema-graph\">{\"@context\":\"https:\/\/schema.org\",\"@graph\":[{\"@type\":\"Organization\",\"@id\":\"https:\/\/www.mezcalesdeleyenda.com\/#organization\",\"name\":\"Mezcales de Leyenda\",\"url\":\"https:\/\/www.mezcalesdeleyenda.com\/\",\"sameAs\":[\"https:\/\/www.facebook.com\/mezcalesdeleyenda\/\",\"https:\/\/www.instagram.com\/mezcalesleyendamx\"],\"logo\":{\"@type\":\"ImageObject\",\"@id\":\"https:\/\/www.mezcalesdeleyenda.com\/#logo\",\"inLanguage\":\"de-DE\",\"url\":\"https:\/\/www.mezcalesdeleyenda.com\/wp-content\/uploads\/2017\/05\/Logo_MDL-BCO.jpg\",\"width\":5077,\"height\":4250,\"caption\":\"Mezcales de Leyenda\"},\"image\":{\"@id\":\"https:\/\/www.mezcalesdeleyenda.com\/#logo\"}},{\"@type\":\"WebSite\",\"@id\":\"https:\/\/www.mezcalesdeleyenda.com\/#website\",\"url\":\"https:\/\/www.mezcalesdeleyenda.com\/\",\"name\":\"Mezcales de Leyenda\",\"description\":\"Hand Crafted Artisanal Mezcales\",\"publisher\":{\"@id\":\"https:\/\/www.mezcalesdeleyenda.com\/#organization\"},\"potentialAction\":[{\"@type\":\"SearchAction\",\"target\":\"https:\/\/www.mezcalesdeleyenda.com\/?s={search_term_string}\",\"query-input\":\"required name=search_term_string\"}],\"inLanguage\":\"de-DE\"},{\"@type\":\"WebPage\",\"@id\":\"https:\/\/www.mezcalesdeleyenda.com\/de\/flagship-line\/#webpage\",\"url\":\"https:\/\/www.mezcalesdeleyenda.com\/de\/flagship-line\/\",\"name\":\"SAMMLUNG LEGEND\\u00c4RER MEZCALE | Mezcales de Leyenda\",\"isPartOf\":{\"@id\":\"https:\/\/www.mezcalesdeleyenda.com\/#website\"},\"datePublished\":\"2016-10-12T19:12:10+00:00\",\"dateModified\":\"2017-06-09T02:02:28+00:00\",\"inLanguage\":\"de-DE\",\"potentialAction\":[{\"@type\":\"ReadAction\",\"target\":[\"https:\/\/www.mezcalesdeleyenda.com\/de\/flagship-line\/\"]}]}]}<\/script>\n<!-- \/ Yoast SEO plugin. -->","_links":{"self":[{"href":"https:\/\/www.mezcalesdeleyenda.com\/de\/wp-json\/wp\/v2\/pages\/1755","targetHints":{"allow":["GET"]}}],"collection":[{"href":"https:\/\/www.mezcalesdeleyenda.com\/de\/wp-json\/wp\/v2\/pages"}],"about":[{"href":"https:\/\/www.mezcalesdeleyenda.com\/de\/wp-json\/wp\/v2\/types\/page"}],"author":[{"embeddable":true,"href":"https:\/\/www.mezcalesdeleyenda.com\/de\/wp-json\/wp\/v2\/users\/2"}],"replies":[{"embeddable":true,"href":"https:\/\/www.mezcalesdeleyenda.com\/de\/wp-json\/wp\/v2\/comments?post=1755"}],"version-history":[{"count":0,"href":"https:\/\/www.mezcalesdeleyenda.com\/de\/wp-json\/wp\/v2\/pages\/1755\/revisions"}],"wp:attachment":[{"href":"https:\/\/www.mezcalesdeleyenda.com\/de\/wp-json\/wp\/v2\/media?parent=1755"}],"curies":[{"name":"wp","href":"https:\/\/api.w.org\/{rel}","templated":true}]}}